{"id":513,"date":"2024-11-10T19:03:27","date_gmt":"2024-11-10T19:03:27","guid":{"rendered":"https:\/\/web.pilotech-global.com\/?page_id=513"},"modified":"2026-02-22T12:48:18","modified_gmt":"2026-02-22T12:48:18","slug":"contact-us","status":"publish","type":"page","link":"https:\/\/web.pilotech-global.com\/pt\/contact-us\/","title":{"rendered":"Contactos"},"content":{"rendered":"<div data-elementor-type=\"wp-page\" data-elementor-id=\"513\" class=\"elementor elementor-513\">\n\t\t\t\t\t\t<section class=\"elementor-section elementor-top-section elementor-element elementor-element-4591bebc elementor-section-boxed elementor-section-height-default elementor-section-height-default\" data-id=\"4591bebc\" data-element_type=\"section\" data-e-type=\"section\">\n\t\t\t\t\t\t<div class=\"elementor-container elementor-column-gap-no\">\n\t\t\t\t\t<div class=\"elementor-column elementor-col-100 elementor-top-column elementor-element elementor-element-532e58d5\" data-id=\"532e58d5\" data-element_type=\"column\" data-e-type=\"column\">\n\t\t\t<div class=\"elementor-widget-wrap elementor-element-populated\">\n\t\t\t\t\t\t<div class=\"elementor-element elementor-element-21b6cac elementor-widget elementor-widget-tragasectiontitle\" data-id=\"21b6cac\" data-element_type=\"widget\" data-e-type=\"widget\" data-widget_type=\"tragasectiontitle.default\">\n\t\t\t\t<div class=\"elementor-widget-container\">\n\t\t\t\t\t<div class=\"title-area-wrap\"><div class=\"title-area\" ><span class=\"sub-title subtitle-selector\"><img decoding=\"async\" src=\"https:\/\/web.pilotech-global.com\/wp-content\/plugins\/webteck-core\/assets\/img\/title_shape_1.svg\" alt=\"PILOTECH\"  class=\"icon me-2\" \/>Germany<\/span><\/div><\/div>\t\t\t\t<\/div>\n\t\t\t\t<\/div>\n\t\t\t\t<div class=\"elementor-element elementor-element-47ebf9f7 elementor-widget elementor-widget-tragacontactinfo\" data-id=\"47ebf9f7\" data-element_type=\"widget\" data-e-type=\"widget\" data-widget_type=\"tragacontactinfo.default\">\n\t\t\t\t<div class=\"elementor-widget-container\">\n\t\t\t\t\t<div class=\"team-contact-wrap\"><div class=\"team-contact\"><div class=\"icon-btn\"><i class=\"fas fa-phone\"><\/i><\/div><div class=\"media-body\"><h6 class=\"team-contact_label\">Ligue-Nos <\/h6><a class=\"team-contact_link\" href=\"tel:+34632108309\">+34  632 10 83 09<\/a><\/div><\/div><div class=\"team-contact\"><div class=\"icon-btn\"><i class=\"fas fa-envelope\"><\/i><\/div><div class=\"media-body\"><h6 class=\"team-contact_label\">Envie Um E-Mail<\/h6><a class=\"team-contact_link\" href=\"mailto:mail@web.pilotechglobal.com\">mail@web.pilotech-global.com<\/a><\/div><\/div><div class=\"team-contact\"><div class=\"icon-btn\"><i class=\"fas fa-location-dot\"><\/i><\/div><div class=\"media-body\"><h6 class=\"team-contact_label\">Nosso Escrit\u00f3rio <\/h6><a class=\"team-contact_link\" href=\"https:\/\/www.google.com\/maps\" rel=\"nofollow noopener\" target=\"_blank\">Gutleutstra\u00dfe 135 60327<br>Frankfurt am Main, Germany<\/a><\/div><\/div><\/div>\t\t\t\t<\/div>\n\t\t\t\t<\/div>\n\t\t\t\t<div class=\"elementor-element elementor-element-94b4a4a elementor-widget elementor-widget-tragasectiontitle\" data-id=\"94b4a4a\" data-element_type=\"widget\" data-e-type=\"widget\" data-widget_type=\"tragasectiontitle.default\">\n\t\t\t\t<div class=\"elementor-widget-container\">\n\t\t\t\t\t<div class=\"title-area-wrap\"><div class=\"title-area\" ><span class=\"sub-title subtitle-selector\"><img decoding=\"async\" src=\"https:\/\/web.pilotech-global.com\/wp-content\/plugins\/webteck-core\/assets\/img\/title_shape_1.svg\" alt=\"PILOTECH\"  class=\"icon me-2\" \/>Fran\u00e7a<\/span><\/div><\/div>\t\t\t\t<\/div>\n\t\t\t\t<\/div>\n\t\t\t\t<div class=\"elementor-element elementor-element-7602e83 elementor-widget elementor-widget-heading\" data-id=\"7602e83\" data-element_type=\"widget\" data-e-type=\"widget\" data-settings=\"{&quot;_animation_mobile&quot;:&quot;slideInUp&quot;}\" data-widget_type=\"heading.default\">\n\t\t\t\t<div class=\"elementor-widget-container\">\n\t\t\t\t\t<h2 class=\"elementor-heading-title elementor-size-default\">Nosso escrit\u00f3rio em Paris, est\u00e1 a abrir em breve. Fique atento para mais detalhes!<\/h2>\t\t\t\t<\/div>\n\t\t\t\t<\/div>\n\t\t\t\t\t<\/div>\n\t\t<\/div>\n\t\t\t\t\t<\/div>\n\t\t<\/section>\n\t\t\t\t<section class=\"elementor-section elementor-top-section elementor-element elementor-element-2ee745ce elementor-section-boxed elementor-section-height-default elementor-section-height-default\" data-id=\"2ee745ce\" data-element_type=\"section\" data-e-type=\"section\" data-settings=\"{&quot;background_background&quot;:&quot;classic&quot;}\">\n\t\t\t\t\t\t<div class=\"elementor-container elementor-column-gap-no\">\n\t\t\t\t\t<div class=\"elementor-column elementor-col-100 elementor-top-column elementor-element elementor-element-50cfa594\" data-id=\"50cfa594\" data-element_type=\"column\" data-e-type=\"column\">\n\t\t\t<div class=\"elementor-widget-wrap elementor-element-populated\">\n\t\t\t\t\t\t<section class=\"elementor-section elementor-inner-section elementor-element elementor-element-1ce1094d elementor-section-boxed elementor-section-height-default elementor-section-height-default\" data-id=\"1ce1094d\" data-element_type=\"section\" data-e-type=\"section\">\n\t\t\t\t\t\t<div class=\"elementor-container elementor-column-gap-no\">\n\t\t\t\t\t<div class=\"elementor-column elementor-col-50 elementor-inner-column elementor-element elementor-element-cc039c5\" data-id=\"cc039c5\" data-element_type=\"column\" data-e-type=\"column\">\n\t\t\t<div class=\"elementor-widget-wrap elementor-element-populated\">\n\t\t\t\t\t\t<div class=\"elementor-element elementor-element-7a1f15ba elementor-widget elementor-widget-tragasectiontitle\" data-id=\"7a1f15ba\" data-element_type=\"widget\" data-e-type=\"widget\" data-widget_type=\"tragasectiontitle.default\">\n\t\t\t\t<div class=\"elementor-widget-container\">\n\t\t\t\t\t<div class=\"title-area-wrap\"><div class=\"title-area mb-35\" ><span class=\"sub-title subtitle-selector\"><img decoding=\"async\" src=\"https:\/\/web.pilotech-global.com\/wp-content\/uploads\/2024\/11\/title_shape_2.svg\" alt=\"PILOTECH\"  class=\"icon me-2\" \/>EM CONTATO COM A GENTE!<\/span><h2 class=\"sec-title title-selector\">Tem Alguma D\u00favida?<\/h2><\/div><p class=\"desc-selector mt-n2 mb-4\">Com entusiasmo disintermediate um-para-um de lideran\u00e7a atrav\u00e9s de empresas de e-commerce. Dramaticamente reintermediate convincentes de melhorias de processo em vez de rela\u00e7\u00f5es de poderes.<\/p><\/div>\t\t\t\t<\/div>\n\t\t\t\t<\/div>\n\t\t\t\t\t<\/div>\n\t\t<\/div>\n\t\t\t\t<div class=\"elementor-column elementor-col-50 elementor-inner-column elementor-element elementor-element-285942b9 elementor-hidden-tablet elementor-hidden-mobile\" data-id=\"285942b9\" data-element_type=\"column\" data-e-type=\"column\">\n\t\t\t<div class=\"elementor-widget-wrap\">\n\t\t\t\t\t\t\t<\/div>\n\t\t<\/div>\n\t\t\t\t\t<\/div>\n\t\t<\/section>\n\t\t\t\t<section class=\"elementor-section elementor-inner-section elementor-element elementor-element-25f82ec3 elementor-section-boxed elementor-section-height-default elementor-section-height-default\" data-id=\"25f82ec3\" data-element_type=\"section\" data-e-type=\"section\">\n\t\t\t\t\t\t<div class=\"elementor-container elementor-column-gap-no\">\n\t\t\t\t\t<div class=\"elementor-column elementor-col-50 elementor-inner-column elementor-element elementor-element-3f6ca072\" data-id=\"3f6ca072\" data-element_type=\"column\" data-e-type=\"column\">\n\t\t\t<div class=\"elementor-widget-wrap elementor-element-populated\">\n\t\t\t\t\t\t<div class=\"elementor-element elementor-element-4d22e285 elementor-widget elementor-widget-tragacontactus\" data-id=\"4d22e285\" data-element_type=\"widget\" data-e-type=\"widget\" data-widget_type=\"tragacontactus.default\">\n\t\t\t\t<div class=\"elementor-widget-container\">\n\t\t\t\t\t<div>\n<div class=\"wpcf7 no-js\" id=\"wpcf7-f567-o1\" lang=\"en-US\" dir=\"ltr\" data-wpcf7-id=\"567\">\n<div class=\"screen-reader-response\"><p role=\"status\" aria-live=\"polite\" aria-atomic=\"true\"><\/p> <ul><\/ul><\/div>\n<form action=\"\/pt\/wp-json\/wp\/v2\/pages\/513#wpcf7-f567-o1\" method=\"post\" class=\"wpcf7-form init\" aria-label=\"Contact form\" novalidate=\"novalidate\" data-status=\"init\" data-trp-original-action=\"\/pt\/wp-json\/wp\/v2\/pages\/513#wpcf7-f567-o1\">\n<div style=\"display: none;\">\n<input type=\"hidden\" name=\"_wpcf7\" value=\"567\" \/>\n<input type=\"hidden\" name=\"_wpcf7_version\" value=\"6.0.6\" \/>\n<input type=\"hidden\" name=\"_wpcf7_locale\" value=\"en_US\" \/>\n<input type=\"hidden\" name=\"_wpcf7_unit_tag\" value=\"wpcf7-f567-o1\" \/>\n<input type=\"hidden\" name=\"_wpcf7_container_post\" value=\"0\" \/>\n<input type=\"hidden\" name=\"_wpcf7_posted_data_hash\" value=\"\" \/>\n<\/div>\n<div class=\"appointment-form3 input-smoke\">\n    <div class=\"row\">\n        <div class=\"form-group col-md-6\"><label for=\"name\">O seu nome*<\/label><span class=\"wpcf7-form-control-wrap\" data-name=\"text-366\"><input size=\"40\" maxlength=\"400\" class=\"wpcf7-form-control wpcf7-text wpcf7-validates-as-required form-control\" id=\"text-366\" aria-required=\"true\" aria-invalid=\"false\" placeholder=\"\" value=\"\" type=\"text\" name=\"text-366\" \/><\/span><\/div>\n        <div class=\"form-group col-md-6\"><label for=\"name\">Endere\u00e7o de e-mail*<\/label><span class=\"wpcf7-form-control-wrap\" data-name=\"email-920\"><input size=\"40\" maxlength=\"400\" class=\"wpcf7-form-control wpcf7-email wpcf7-text wpcf7-validates-as-email form-control\" id=\"email-920\" aria-invalid=\"false\" placeholder=\"\" value=\"\" type=\"email\" name=\"email-920\" \/><\/span><\/div>\n        <div class=\"form-group col-md-6\"><label for=\"name\">N\u00famero de telefone*<\/label><span class=\"wpcf7-form-control-wrap\" data-name=\"form-control\"><input size=\"40\" maxlength=\"400\" class=\"wpcf7-form-control wpcf7-tel wpcf7-validates-as-required wpcf7-text wpcf7-validates-as-tel form-control\" id=\"form-control\" aria-required=\"true\" aria-invalid=\"false\" placeholder=\"\" value=\"\" type=\"tel\" name=\"form-control\" \/><\/span><\/div>\n        <div class=\"form-group col-md-6\"><label for=\"name\">Site da empresa*<\/label><span class=\"wpcf7-form-control-wrap\" data-name=\"text-369\"><input size=\"40\" maxlength=\"400\" class=\"wpcf7-form-control wpcf7-text wpcf7-validates-as-required form-control\" id=\"text-369\" aria-required=\"true\" aria-invalid=\"false\" placeholder=\"\" value=\"\" type=\"text\" name=\"text-369\" \/><\/span><\/div>\n        <div class=\"form-group col-12\"><label for=\"name\">Empresa \/ Organiza\u00e7\u00e3o*<\/label><span class=\"wpcf7-form-control-wrap\" data-name=\"text-389\"><input size=\"40\" maxlength=\"400\" class=\"wpcf7-form-control wpcf7-text wpcf7-validates-as-required form-control\" id=\"text-389\" aria-required=\"true\" aria-invalid=\"false\" placeholder=\"\" value=\"\" type=\"text\" name=\"text-389\" \/><\/span><\/div>\n        <div class=\"form-group col-12\"><label for=\"name\">Descreva sua mensagem*<\/label><span class=\"wpcf7-form-control-wrap\" data-name=\"textarea-304\"><textarea cols=\"40\" rows=\"10\" maxlength=\"2000\" class=\"wpcf7-form-control wpcf7-textarea wpcf7-validates-as-required form-control\" id=\"textarea-304\" aria-required=\"true\" aria-invalid=\"false\" placeholder=\"\" name=\"textarea-304\"><\/textarea><\/span><\/div>\n        <div class=\"form-btn col-12\">\n<button class=\"th-btn btn-fw\">Enviar Mensagem<\/button>\n        <\/div>\n    <\/div>\n    <p class=\"form-messages mb-0 mt-3\"><\/p>\n<\/div><div class=\"wpcf7-response-output\" aria-hidden=\"true\"><\/div>\n<input type=\"hidden\" name=\"trp-form-language\" value=\"pt\"\/><\/form>\n<\/div>\n<\/div>\t\t\t\t<\/div>\n\t\t\t\t<\/div>\n\t\t\t\t\t<\/div>\n\t\t<\/div>\n\t\t\t\t<div class=\"elementor-column elementor-col-50 elementor-inner-column elementor-element elementor-element-6ca07261 elementor-hidden-tablet elementor-hidden-mobile\" data-id=\"6ca07261\" data-element_type=\"column\" data-e-type=\"column\">\n\t\t\t<div class=\"elementor-widget-wrap\">\n\t\t\t\t\t\t\t<\/div>\n\t\t<\/div>\n\t\t\t\t\t<\/div>\n\t\t<\/section>\n\t\t\t\t\t<\/div>\n\t\t<\/div>\n\t\t\t\t\t<\/div>\n\t\t<\/section>\n\t\t\t\t<section class=\"elementor-section elementor-top-section elementor-element elementor-element-581704df elementor-section-full_width elementor-hidden-desktop elementor-hidden-tablet elementor-hidden-mobile elementor-section-height-default elementor-section-height-default\" data-id=\"581704df\" data-element_type=\"section\" data-e-type=\"section\">\n\t\t\t\t\t\t<div class=\"elementor-container elementor-column-gap-no\">\n\t\t\t\t\t<div class=\"elementor-column elementor-col-100 elementor-top-column elementor-element elementor-element-427ee988\" data-id=\"427ee988\" data-element_type=\"column\" data-e-type=\"column\">\n\t\t\t<div class=\"elementor-widget-wrap elementor-element-populated\">\n\t\t\t\t\t\t<div class=\"elementor-element elementor-element-3b46bbc4 elementor-widget__width-inherit map-sec elementor-widget elementor-widget-google_maps\" data-id=\"3b46bbc4\" data-element_type=\"widget\" data-e-type=\"widget\" data-widget_type=\"google_maps.default\">\n\t\t\t\t<div class=\"elementor-widget-container\">\n\t\t\t\t\t\t\t<div class=\"elementor-custom-embed\">\n\t\t\t<iframe loading=\"lazy\"\n\t\t\t\t\tsrc=\"https:\/\/maps.google.com\/maps?q=Frankfurt%2C%20Germany&#038;t=m&#038;z=12&#038;output=embed&#038;iwloc=near\"\n\t\t\t\t\ttitle=\"Frankfurt, Alemanha\"\n\t\t\t\t\taria-label=\"Frankfurt, Alemanha\"\n\t\t\t><\/iframe>\n\t\t<\/div>\n\t\t\t\t\t\t<\/div>\n\t\t\t\t<\/div>\n\t\t\t\t\t<\/div>\n\t\t<\/div>\n\t\t\t\t\t<\/div>\n\t\t<\/section>\n\t\t<div class=\"elementor-element elementor-element-66a8014 e-flex e-con-boxed e-con e-parent\" data-id=\"66a8014\" data-element_type=\"container\" data-e-type=\"container\">\n\t\t\t\t\t<div class=\"e-con-inner\">\n\t\t\t\t<div class=\"elementor-element elementor-element-1f8e7680 elementor-widget-tablet__width-initial ms-xl-0 ms-auto me-auto elementor-widget elementor-widget-tragagroupbutton\" data-id=\"1f8e7680\" data-element_type=\"widget\" data-e-type=\"widget\" data-widget_type=\"tragagroupbutton.default\">\n\t\t\t\t<div class=\"elementor-widget-container\">\n\t\t\t\t\t<div  class=\"btn-group justify-content-left\"><a href=\"https:\/\/web.pilotech-global.com\/pt\/services\/\" class=\"th-btn\">Descubra Mais<i class=\"far fa-arrow-right ms-2\"><\/i><\/a><\/div>\t\t\t\t<\/div>\n\t\t\t\t<\/div>\n\t\t\t\t\t<\/div>\n\t\t\t\t<\/div>\n\t\t\t\t<\/div>","protected":false},"excerpt":{"rendered":"<p>Germany Call Us +34 632 10 83 09 Send An Email mail@web.pilotech-global.com Our Office Gutleutstra\u00dfe 135 60327Frankfurt am Main, Germany France Our office in Paris is opening soon. Stay tuned for more details! CONTACT WITH US! Have Any Questions? Enthusiastically disintermediate one-to-one leadership via business e-commerce. Dramatically reintermediate compelling process improvements rather than empowered relationships&#8230;.<\/p>","protected":false},"author":1,"featured_media":0,"parent":0,"menu_order":0,"comment_status":"closed","ping_status":"closed","template":"template-builder.php","meta":{"footnotes":""},"class_list":["post-513","page","type-page","status-publish","hentry"],"_hostinger_reach_plugin_has_subscription_block":false,"_hostinger_reach_plugin_is_elementor":false,"_links":{"self":[{"href":"https:\/\/web.pilotech-global.com\/pt\/wp-json\/wp\/v2\/pages\/513","targetHints":{"allow":["GET"]}}],"collection":[{"href":"https:\/\/web.pilotech-global.com\/pt\/wp-json\/wp\/v2\/pages"}],"about":[{"href":"https:\/\/web.pilotech-global.com\/pt\/wp-json\/wp\/v2\/types\/page"}],"author":[{"embeddable":true,"href":"https:\/\/web.pilotech-global.com\/pt\/wp-json\/wp\/v2\/users\/1"}],"replies":[{"embeddable":true,"href":"https:\/\/web.pilotech-global.com\/pt\/wp-json\/wp\/v2\/comments?post=513"}],"version-history":[{"count":3,"href":"https:\/\/web.pilotech-global.com\/pt\/wp-json\/wp\/v2\/pages\/513\/revisions"}],"predecessor-version":[{"id":1205,"href":"https:\/\/web.pilotech-global.com\/pt\/wp-json\/wp\/v2\/pages\/513\/revisions\/1205"}],"wp:attachment":[{"href":"https:\/\/web.pilotech-global.com\/pt\/wp-json\/wp\/v2\/media?parent=513"}],"curies":[{"name":"wp","href":"https:\/\/api.w.org\/{rel}","templated":true}]}}